{"id":779,"date":"2023-10-04T02:13:32","date_gmt":"2023-10-03T23:13:32","guid":{"rendered":"http:\/\/vitrum.com.tr\/?page_id=779"},"modified":"2023-10-04T02:14:50","modified_gmt":"2023-10-03T23:14:50","slug":"cok-amacli-kabin","status":"publish","type":"page","link":"http:\/\/vitrum.com.tr\/index.php\/cok-amacli-kabin\/","title":{"rendered":"\u00e7ok ama\u00e7l\u0131 kabin"},"content":{"rendered":"\t\t<div data-elementor-type=\"wp-page\" data-elementor-id=\"779\" class=\"elementor elementor-779\">\n\t\t\t\t\t\t\t\t\t<section class=\"elementor-section elementor-top-section elementor-element elementor-element-2b8070a7 elementor-section-boxed elementor-section-height-default elementor-section-height-default\" data-id=\"2b8070a7\" data-element_type=\"section\" data-settings=\"{&quot;background_background&quot;:&quot;classic&quot;}\">\n\t\t\t\t\t\t\t<div class=\"elementor-background-overlay\"><\/div>\n\t\t\t\t\t\t\t<div class=\"elementor-container elementor-column-gap-default\">\n\t\t\t\t\t<div class=\"elementor-column elementor-col-100 elementor-top-column elementor-element elementor-element-5b4b1fa2\" data-id=\"5b4b1fa2\" data-element_type=\"column\">\n\t\t\t<div class=\"elementor-widget-wrap elementor-element-populated\">\n\t\t\t\t\t\t\t\t<div class=\"elementor-element elementor-element-49f0ced4 elementor-invisible elementor-widget elementor-widget-heading\" data-id=\"49f0ced4\" data-element_type=\"widget\" data-settings=\"{&quot;_animation&quot;:&quot;zoomIn&quot;}\" data-widget_type=\"heading.default\">\n\t\t\t\t<div class=\"elementor-widget-container\">\n\t\t\t<style>\/*! elementor - v3.16.0 - 20-09-2023 *\/\n.elementor-heading-title{padding:0;margin:0;line-height:1}.elementor-widget-heading .elementor-heading-title[class*=elementor-size-]>a{color:inherit;font-size:inherit;line-height:inherit}.elementor-widget-heading .elementor-heading-title.elementor-size-small{font-size:15px}.elementor-widget-heading .elementor-heading-title.elementor-size-medium{font-size:19px}.elementor-widget-heading .elementor-heading-title.elementor-size-large{font-size:29px}.elementor-widget-heading .elementor-heading-title.elementor-size-xl{font-size:39px}.elementor-widget-heading .elementor-heading-title.elementor-size-xxl{font-size:59px}<\/style><h1 class=\"elementor-heading-title elementor-size-default\">\u00c7ok Ama\u00e7l\u0131 Kabin<\/h1>\t\t<\/div>\n\t\t\t\t<\/div>\n\t\t\t\t\t<\/div>\n\t\t<\/div>\n\t\t\t\t\t\t\t<\/div>\n\t\t<\/section>\n\t\t<div class=\"elementor-element elementor-element-69524f87 e-flex e-con-boxed e-con e-parent\" data-id=\"69524f87\" data-element_type=\"container\" data-settings=\"{&quot;content_width&quot;:&quot;boxed&quot;}\" data-core-v316-plus=\"true\">\n\t\t\t\t\t<div class=\"e-con-inner\">\n\t\t\t\t<div class=\"elementor-element elementor-element-5f552ae9 elementor-widget elementor-widget-heading\" data-id=\"5f552ae9\" data-element_type=\"widget\" data-widget_type=\"heading.default\">\n\t\t\t\t<div class=\"elementor-widget-container\">\n\t\t\t<h3 class=\"elementor-heading-title elementor-size-default\">Kategorideki \u00dcr\u00fcnlerimiz.<\/h3>\t\t<\/div>\n\t\t\t\t<\/div>\n\t\t\t\t\t<\/div>\n\t\t\t\t<\/div>\n\t\t\t\t<section class=\"elementor-section elementor-inner-section elementor-element elementor-element-6bd11621 elementor-section-boxed elementor-section-height-default elementor-section-height-default\" data-id=\"6bd11621\" data-element_type=\"section\">\n\t\t\t\t\t\t<div class=\"elementor-container elementor-column-gap-default\">\n\t\t\t\t\t<div class=\"elementor-column elementor-col-50 elementor-inner-column elementor-element elementor-element-1be60dc9\" data-id=\"1be60dc9\" data-element_type=\"column\">\n\t\t\t<div class=\"elementor-widget-wrap elementor-element-populated\">\n\t\t\t\t\t\t\t\t<div class=\"elementor-element elementor-element-9b787da elementor-widget elementor-widget-image\" data-id=\"9b787da\" data-element_type=\"widget\" data-widget_type=\"image.default\">\n\t\t\t\t<div class=\"elementor-widget-container\">\n\t\t\t<style>\/*! elementor - v3.16.0 - 20-09-2023 *\/\n.elementor-widget-image{text-align:center}.elementor-widget-image a{display:inline-block}.elementor-widget-image a img[src$=\".svg\"]{width:48px}.elementor-widget-image img{vertical-align:middle;display:inline-block}<\/style>\t\t\t\t\t\t\t\t\t\t\t\t\t<a href=\"http:\/\/vitrum.com.tr\/deneme_sayfa\">\n\t\t\t\t\t\t\t<img loading=\"lazy\" decoding=\"async\" width=\"644\" height=\"402\" src=\"http:\/\/vitrum.com.tr\/wp-content\/uploads\/2021\/02\/outdoor-image-03.jpg\" class=\"attachment-large size-large wp-image-539\" alt=\"\" srcset=\"http:\/\/vitrum.com.tr\/wp-content\/uploads\/2021\/02\/outdoor-image-03.jpg 644w, http:\/\/vitrum.com.tr\/wp-content\/uploads\/2021\/02\/outdoor-image-03-300x187.jpg 300w\" sizes=\"auto, (max-width: 644px) 100vw, 644px\" \/>\t\t\t\t\t\t\t\t<\/a>\n\t\t\t\t\t\t\t\t\t\t\t\t\t\t\t<\/div>\n\t\t\t\t<\/div>\n\t\t\t\t<div class=\"elementor-element elementor-element-7fbc9cc3 elementor-widget elementor-widget-image-box\" data-id=\"7fbc9cc3\" data-element_type=\"widget\" data-widget_type=\"image-box.default\">\n\t\t\t\t<div class=\"elementor-widget-container\">\n\t\t\t<style>\/*! elementor - v3.16.0 - 20-09-2023 *\/\n.elementor-widget-image-box .elementor-image-box-content{width:100%}@media (min-width:768px){.elementor-widget-image-box.elementor-position-left .elementor-image-box-wrapper,.elementor-widget-image-box.elementor-position-right .elementor-image-box-wrapper{display:flex}.elementor-widget-image-box.elementor-position-right .elementor-image-box-wrapper{text-align:right;flex-direction:row-reverse}.elementor-widget-image-box.elementor-position-left .elementor-image-box-wrapper{text-align:left;flex-direction:row}.elementor-widget-image-box.elementor-position-top .elementor-image-box-img{margin:auto}.elementor-widget-image-box.elementor-vertical-align-top .elementor-image-box-wrapper{align-items:flex-start}.elementor-widget-image-box.elementor-vertical-align-middle .elementor-image-box-wrapper{align-items:center}.elementor-widget-image-box.elementor-vertical-align-bottom .elementor-image-box-wrapper{align-items:flex-end}}@media (max-width:767px){.elementor-widget-image-box .elementor-image-box-img{margin-left:auto!important;margin-right:auto!important;margin-bottom:15px}}.elementor-widget-image-box .elementor-image-box-img{display:inline-block}.elementor-widget-image-box .elementor-image-box-title a{color:inherit}.elementor-widget-image-box .elementor-image-box-wrapper{text-align:center}.elementor-widget-image-box .elementor-image-box-description{margin:0}<\/style><div class=\"elementor-image-box-wrapper\"><div class=\"elementor-image-box-content\"><h5 class=\"elementor-image-box-title\">KI\u015e BAH\u00c7ELER\u0130<\/h5><p class=\"elementor-image-box-description\">Fuerat aestu carentem habentia spectent tonitrua mutastis locavit liberioris inistra possedit.<\/p><\/div><\/div>\t\t<\/div>\n\t\t\t\t<\/div>\n\t\t\t\t\t<\/div>\n\t\t<\/div>\n\t\t\t\t<div class=\"elementor-column elementor-col-50 elementor-inner-column elementor-element elementor-element-5e8bfb56\" data-id=\"5e8bfb56\" data-element_type=\"column\">\n\t\t\t<div class=\"elementor-widget-wrap elementor-element-populated\">\n\t\t\t\t\t\t\t\t<div class=\"elementor-element elementor-element-4e4bc3f3 elementor-widget elementor-widget-image\" data-id=\"4e4bc3f3\" data-element_type=\"widget\" data-widget_type=\"image.default\">\n\t\t\t\t<div class=\"elementor-widget-container\">\n\t\t\t\t\t\t\t\t\t\t\t\t\t\t\t<img loading=\"lazy\" decoding=\"async\" width=\"644\" height=\"402\" src=\"http:\/\/vitrum.com.tr\/wp-content\/uploads\/2018\/11\/services-2.jpg\" class=\"attachment-large size-large wp-image-94\" alt=\"\" srcset=\"http:\/\/vitrum.com.tr\/wp-content\/uploads\/2018\/11\/services-2.jpg 644w, http:\/\/vitrum.com.tr\/wp-content\/uploads\/2018\/11\/services-2-300x187.jpg 300w\" sizes=\"auto, (max-width: 644px) 100vw, 644px\" \/>\t\t\t\t\t\t\t\t\t\t\t\t\t\t\t<\/div>\n\t\t\t\t<\/div>\n\t\t\t\t<div class=\"elementor-element elementor-element-7d42dbd8 elementor-widget elementor-widget-image-box\" data-id=\"7d42dbd8\" data-element_type=\"widget\" data-widget_type=\"image-box.default\">\n\t\t\t\t<div class=\"elementor-widget-container\">\n\t\t\t<div class=\"elementor-image-box-wrapper\"><div class=\"elementor-image-box-content\"><h5 class=\"elementor-image-box-title\">\u00c7OK AMA\u00c7LI KAB\u0130NLER<\/h5><p class=\"elementor-image-box-description\">Fuerat aestu carentem habentia spectent tonitrua mutastis locavit liberioris inistra possedit.<\/p><\/div><\/div>\t\t<\/div>\n\t\t\t\t<\/div>\n\t\t\t\t\t<\/div>\n\t\t<\/div>\n\t\t\t\t\t\t\t<\/div>\n\t\t<\/section>\n\t\t\t\t<section class=\"elementor-section elementor-inner-section elementor-element elementor-element-7d7c3589 elementor-section-boxed elementor-section-height-default elementor-section-height-default\" data-id=\"7d7c3589\" data-element_type=\"section\">\n\t\t\t\t\t\t<div class=\"elementor-container elementor-column-gap-default\">\n\t\t\t\t\t<div class=\"elementor-column elementor-col-50 elementor-inner-column elementor-element elementor-element-2f8ec351\" data-id=\"2f8ec351\" data-element_type=\"column\">\n\t\t\t<div class=\"elementor-widget-wrap elementor-element-populated\">\n\t\t\t\t\t\t\t\t<div class=\"elementor-element elementor-element-6224c263 elementor-widget elementor-widget-image\" data-id=\"6224c263\" data-element_type=\"widget\" data-widget_type=\"image.default\">\n\t\t\t\t<div class=\"elementor-widget-container\">\n\t\t\t\t\t\t\t\t\t\t\t\t\t\t\t<img loading=\"lazy\" decoding=\"async\" width=\"644\" height=\"402\" src=\"http:\/\/vitrum.com.tr\/wp-content\/uploads\/2018\/11\/services-3.jpg\" class=\"attachment-large size-large wp-image-99\" alt=\"\" srcset=\"http:\/\/vitrum.com.tr\/wp-content\/uploads\/2018\/11\/services-3.jpg 644w, http:\/\/vitrum.com.tr\/wp-content\/uploads\/2018\/11\/services-3-300x187.jpg 300w\" sizes=\"auto, (max-width: 644px) 100vw, 644px\" \/>\t\t\t\t\t\t\t\t\t\t\t\t\t\t\t<\/div>\n\t\t\t\t<\/div>\n\t\t\t\t<div class=\"elementor-element elementor-element-2535f767 elementor-widget elementor-widget-image-box\" data-id=\"2535f767\" data-element_type=\"widget\" data-widget_type=\"image-box.default\">\n\t\t\t\t<div class=\"elementor-widget-container\">\n\t\t\t<div class=\"elementor-image-box-wrapper\"><div class=\"elementor-image-box-content\"><h5 class=\"elementor-image-box-title\">CAM S\u0130STEMLER<\/h5><p class=\"elementor-image-box-description\">Fuerat aestu carentem habentia spectent tonitrua mutastis locavit liberioris inistra possedit.<\/p><\/div><\/div>\t\t<\/div>\n\t\t\t\t<\/div>\n\t\t\t\t\t<\/div>\n\t\t<\/div>\n\t\t\t\t<div class=\"elementor-column elementor-col-50 elementor-inner-column elementor-element elementor-element-46e8fe9d\" data-id=\"46e8fe9d\" data-element_type=\"column\">\n\t\t\t<div class=\"elementor-widget-wrap elementor-element-populated\">\n\t\t\t\t\t\t\t\t<div class=\"elementor-element elementor-element-178ca135 elementor-widget elementor-widget-image\" data-id=\"178ca135\" data-element_type=\"widget\" data-widget_type=\"image.default\">\n\t\t\t\t<div class=\"elementor-widget-container\">\n\t\t\t\t\t\t\t\t\t\t\t\t\t\t\t<img loading=\"lazy\" decoding=\"async\" width=\"644\" height=\"402\" src=\"http:\/\/vitrum.com.tr\/wp-content\/uploads\/2021\/02\/outdoor-image-01.jpg\" class=\"attachment-large size-large wp-image-523\" alt=\"\" srcset=\"http:\/\/vitrum.com.tr\/wp-content\/uploads\/2021\/02\/outdoor-image-01.jpg 644w, http:\/\/vitrum.com.tr\/wp-content\/uploads\/2021\/02\/outdoor-image-01-300x187.jpg 300w\" sizes=\"auto, (max-width: 644px) 100vw, 644px\" \/>\t\t\t\t\t\t\t\t\t\t\t\t\t\t\t<\/div>\n\t\t\t\t<\/div>\n\t\t\t\t<div class=\"elementor-element elementor-element-37dd5b29 elementor-widget elementor-widget-image-box\" data-id=\"37dd5b29\" data-element_type=\"widget\" data-widget_type=\"image-box.default\">\n\t\t\t\t<div class=\"elementor-widget-container\">\n\t\t\t<div class=\"elementor-image-box-wrapper\"><div class=\"elementor-image-box-content\"><h5 class=\"elementor-image-box-title\">CAM KORKULUKLAR<\/h5><p class=\"elementor-image-box-description\">Fuerat aestu carentem habentia spectent tonitrua mutastis locavit liberioris inistra possedit.<\/p><\/div><\/div>\t\t<\/div>\n\t\t\t\t<\/div>\n\t\t\t\t\t<\/div>\n\t\t<\/div>\n\t\t\t\t\t\t\t<\/div>\n\t\t<\/section>\n\t\t\t\t\t\t\t<\/div>\n\t\t","protected":false},"excerpt":{"rendered":"<p>\u00c7ok Ama\u00e7l\u0131 Kabin Kategorideki \u00dcr\u00fcnlerimiz. KI\u015e BAH\u00c7ELER\u0130 Fuerat aestu carentem habentia spectent tonitrua mutastis locavit liberioris inistra possedit. \u00c7OK AMA\u00c7LI KAB\u0130NLER Fuerat aestu carentem habentia spectent tonitrua mutastis locavit liberioris inistra possedit. CAM S\u0130STEMLER Fuerat aestu carentem habentia spectent tonitrua mutastis locavit liberioris inistra possedit. CAM KORKULUKLAR Fuerat aestu carentem habentia spectent tonitrua mutastis locavit &hellip;<\/p>\n<p class=\"read-more\"> <a class=\"\" href=\"http:\/\/vitrum.com.tr\/index.php\/cok-amacli-kabin\/\"> <span class=\"screen-reader-text\">\u00e7ok ama\u00e7l\u0131 kabin<\/span> Devam\u0131 &raquo;<\/a><\/p>\n","protected":false},"author":1,"featured_media":0,"parent":0,"menu_order":0,"comment_status":"closed","ping_status":"closed","template":"","meta":{"site-sidebar-layout":"no-sidebar","site-content-layout":"page-builder","ast-site-content-layout":"full-width-container","site-content-style":"default","site-sidebar-style":"default","ast-global-header-display":"","ast-banner-title-visibility":"","ast-main-header-display":"","ast-hfb-above-header-display":"","ast-hfb-below-header-display":"","ast-hfb-mobile-header-display":"","site-post-title":"disabled","ast-breadcrumbs-content":"","ast-featured-img":"disabled","footer-sml-layout":"","theme-transparent-header-meta":"","adv-header-id-meta":"","stick-header-meta":"","header-above-stick-meta":"","header-main-stick-meta":"","header-below-stick-meta":"","astra-migrate-meta-layouts":"","footnotes":""},"class_list":["post-779","page","type-page","status-publish","hentry"],"_links":{"self":[{"href":"http:\/\/vitrum.com.tr\/index.php\/wp-json\/wp\/v2\/pages\/779","targetHints":{"allow":["GET"]}}],"collection":[{"href":"http:\/\/vitrum.com.tr\/index.php\/wp-json\/wp\/v2\/pages"}],"about":[{"href":"http:\/\/vitrum.com.tr\/index.php\/wp-json\/wp\/v2\/types\/page"}],"author":[{"embeddable":true,"href":"http:\/\/vitrum.com.tr\/index.php\/wp-json\/wp\/v2\/users\/1"}],"replies":[{"embeddable":true,"href":"http:\/\/vitrum.com.tr\/index.php\/wp-json\/wp\/v2\/comments?post=779"}],"version-history":[{"count":3,"href":"http:\/\/vitrum.com.tr\/index.php\/wp-json\/wp\/v2\/pages\/779\/revisions"}],"predecessor-version":[{"id":782,"href":"http:\/\/vitrum.com.tr\/index.php\/wp-json\/wp\/v2\/pages\/779\/revisions\/782"}],"wp:attachment":[{"href":"http:\/\/vitrum.com.tr\/index.php\/wp-json\/wp\/v2\/media?parent=779"}],"curies":[{"name":"wp","href":"https:\/\/api.w.org\/{rel}","templated":true}]}}