{"id":730,"date":"2023-10-04T00:15:24","date_gmt":"2023-10-03T21:15:24","guid":{"rendered":"http:\/\/vitrum.com.tr\/?page_id=730"},"modified":"2023-10-15T15:20:23","modified_gmt":"2023-10-15T12:20:23","slug":"kisbahceleri","status":"publish","type":"page","link":"http:\/\/vitrum.com.tr\/index.php\/kisbahceleri\/","title":{"rendered":"K\u0131\u015f Bah\u00e7eleri"},"content":{"rendered":"\t\t<div data-elementor-type=\"wp-page\" data-elementor-id=\"730\" class=\"elementor elementor-730\">\n\t\t\t\t\t\t\t\t\t<section class=\"elementor-section elementor-top-section elementor-element elementor-element-65586bd0 elementor-section-full_width elementor-section-stretched elementor-section-height-default elementor-section-height-default\" data-id=\"65586bd0\" data-element_type=\"section\" data-settings=\"{&quot;background_background&quot;:&quot;classic&quot;,&quot;stretch_section&quot;:&quot;section-stretched&quot;}\">\n\t\t\t\t\t\t\t<div class=\"elementor-background-overlay\"><\/div>\n\t\t\t\t\t\t\t<div class=\"elementor-container elementor-column-gap-default\">\n\t\t\t\t\t<div class=\"elementor-column elementor-col-100 elementor-top-column elementor-element elementor-element-6838e547\" data-id=\"6838e547\" data-element_type=\"column\">\n\t\t\t<div class=\"elementor-widget-wrap elementor-element-populated\">\n\t\t\t\t\t\t\t\t<div class=\"elementor-element elementor-element-47a37170 elementor-invisible elementor-widget elementor-widget-heading\" data-id=\"47a37170\" data-element_type=\"widget\" data-settings=\"{&quot;_animation&quot;:&quot;zoomIn&quot;}\" data-widget_type=\"heading.default\">\n\t\t\t\t<div class=\"elementor-widget-container\">\n\t\t\t<style>\/*! elementor - v3.16.0 - 20-09-2023 *\/\n.elementor-heading-title{padding:0;margin:0;line-height:1}.elementor-widget-heading .elementor-heading-title[class*=elementor-size-]>a{color:inherit;font-size:inherit;line-height:inherit}.elementor-widget-heading .elementor-heading-title.elementor-size-small{font-size:15px}.elementor-widget-heading .elementor-heading-title.elementor-size-medium{font-size:19px}.elementor-widget-heading .elementor-heading-title.elementor-size-large{font-size:29px}.elementor-widget-heading .elementor-heading-title.elementor-size-xl{font-size:39px}.elementor-widget-heading .elementor-heading-title.elementor-size-xxl{font-size:59px}<\/style><h1 class=\"elementor-heading-title elementor-size-default\">k\u0131\u015f bah\u00e7eleri<\/h1>\t\t<\/div>\n\t\t\t\t<\/div>\n\t\t\t\t<div class=\"elementor-element elementor-element-9d512f3 elementor-invisible elementor-widget elementor-widget-heading\" data-id=\"9d512f3\" data-element_type=\"widget\" data-settings=\"{&quot;_animation&quot;:&quot;zoomIn&quot;}\" data-widget_type=\"heading.default\">\n\t\t\t\t<div class=\"elementor-widget-container\">\n\t\t\t<span class=\"elementor-heading-title elementor-size-default\">4 mevsim ya\u015fanabilir, zor iklim ko\u015fullar\u0131na dayan\u0131kl\u0131, manzaraya engel te\u015fkil etmeyen, ya\u015fam alanlar\u0131n\u0131n d\u0131\u015f b\u00f6l\u00fcm\u00fcne yap\u0131lan rahat, konforlu, geni\u015f estetik g\u00f6r\u00fcn\u00fcme sahip yap\u0131lar <\/span>\t\t<\/div>\n\t\t\t\t<\/div>\n\t\t\t\t\t<\/div>\n\t\t<\/div>\n\t\t\t\t\t\t\t<\/div>\n\t\t<\/section>\n\t\t<div class=\"elementor-element elementor-element-dee73e5 e-flex e-con-boxed e-con e-parent\" data-id=\"dee73e5\" data-element_type=\"container\" data-settings=\"{&quot;content_width&quot;:&quot;boxed&quot;}\" data-core-v316-plus=\"true\">\n\t\t\t\t\t<div class=\"e-con-inner\">\n\t\t\t\t<div class=\"elementor-element elementor-element-dd7b4b0 elementor-widget elementor-widget-heading\" data-id=\"dd7b4b0\" data-element_type=\"widget\" data-widget_type=\"heading.default\">\n\t\t\t\t<div class=\"elementor-widget-container\">\n\t\t\t<h3 class=\"elementor-heading-title elementor-size-default\">Kategorideki \u00dcr\u00fcnlerimiz.<\/h3>\t\t<\/div>\n\t\t\t\t<\/div>\n\t\t\t\t\t<\/div>\n\t\t\t\t<\/div>\n\t\t\t\t<section class=\"elementor-section elementor-inner-section elementor-element elementor-element-552b94f4 elementor-section-boxed elementor-section-height-default elementor-section-height-default\" data-id=\"552b94f4\" data-element_type=\"section\">\n\t\t\t\t\t\t<div class=\"elementor-container elementor-column-gap-default\">\n\t\t\t\t\t<div class=\"elementor-column elementor-col-50 elementor-inner-column elementor-element elementor-element-6580300e\" data-id=\"6580300e\" data-element_type=\"column\">\n\t\t\t<div class=\"elementor-widget-wrap elementor-element-populated\">\n\t\t\t\t\t\t\t\t<div class=\"elementor-element elementor-element-76487a4c elementor-widget__width-initial elementor-widget elementor-widget-image\" data-id=\"76487a4c\" data-element_type=\"widget\" data-widget_type=\"image.default\">\n\t\t\t\t<div class=\"elementor-widget-container\">\n\t\t\t<style>\/*! elementor - v3.16.0 - 20-09-2023 *\/\n.elementor-widget-image{text-align:center}.elementor-widget-image a{display:inline-block}.elementor-widget-image a img[src$=\".svg\"]{width:48px}.elementor-widget-image img{vertical-align:middle;display:inline-block}<\/style>\t\t\t\t\t\t\t\t\t\t\t\t\t<a href=\"http:\/\/vitrum.com.tr\/index.php\/vitrum\/\">\n\t\t\t\t\t\t\t<img decoding=\"async\" src=\"http:\/\/vitrum.com.tr\/wp-content\/uploads\/elementor\/thumbs\/100_4876-qd7waeargrowuo93bu6lbb370v0fskgdnmkejv3l9g.jpg\" title=\"100_4876\" alt=\"100_4876\" loading=\"lazy\" \/>\t\t\t\t\t\t\t\t<\/a>\n\t\t\t\t\t\t\t\t\t\t\t\t\t\t\t<\/div>\n\t\t\t\t<\/div>\n\t\t\t\t<div class=\"elementor-element elementor-element-4abcac1 elementor-widget elementor-widget-image-box\" data-id=\"4abcac1\" data-element_type=\"widget\" data-widget_type=\"image-box.default\">\n\t\t\t\t<div class=\"elementor-widget-container\">\n\t\t\t<style>\/*! elementor - v3.16.0 - 20-09-2023 *\/\n.elementor-widget-image-box .elementor-image-box-content{width:100%}@media (min-width:768px){.elementor-widget-image-box.elementor-position-left .elementor-image-box-wrapper,.elementor-widget-image-box.elementor-position-right .elementor-image-box-wrapper{display:flex}.elementor-widget-image-box.elementor-position-right .elementor-image-box-wrapper{text-align:right;flex-direction:row-reverse}.elementor-widget-image-box.elementor-position-left .elementor-image-box-wrapper{text-align:left;flex-direction:row}.elementor-widget-image-box.elementor-position-top .elementor-image-box-img{margin:auto}.elementor-widget-image-box.elementor-vertical-align-top .elementor-image-box-wrapper{align-items:flex-start}.elementor-widget-image-box.elementor-vertical-align-middle .elementor-image-box-wrapper{align-items:center}.elementor-widget-image-box.elementor-vertical-align-bottom .elementor-image-box-wrapper{align-items:flex-end}}@media (max-width:767px){.elementor-widget-image-box .elementor-image-box-img{margin-left:auto!important;margin-right:auto!important;margin-bottom:15px}}.elementor-widget-image-box .elementor-image-box-img{display:inline-block}.elementor-widget-image-box .elementor-image-box-title a{color:inherit}.elementor-widget-image-box .elementor-image-box-wrapper{text-align:center}.elementor-widget-image-box .elementor-image-box-description{margin:0}<\/style><div class=\"elementor-image-box-wrapper\"><div class=\"elementor-image-box-content\"><h5 class=\"elementor-image-box-title\"><a href=\"http:\/\/vitrum.com.tr\/index.php\/vitrum\/\">V\u0130TRUM KI\u015e BAH\u00c7ES\u0130<\/a><\/h5><p class=\"elementor-image-box-description\">\u00d6zel tasarlanm\u0131\u015f \u0131s\u0131 bariyerli profillerden \u00fcretilerek, yaz\u0131n so\u011futulabilen, k\u0131\u015f\u0131n \u0131s\u0131t\u0131labilen, konforlu ya\u015fam alanlar\u0131 i\u00e7in k\u0131\u015f bah\u00e7esi sistemidir.<\/p><\/div><\/div>\t\t<\/div>\n\t\t\t\t<\/div>\n\t\t\t\t\t<\/div>\n\t\t<\/div>\n\t\t\t\t<div class=\"elementor-column elementor-col-50 elementor-inner-column elementor-element elementor-element-5fadb66b\" data-id=\"5fadb66b\" data-element_type=\"column\">\n\t\t\t<div class=\"elementor-widget-wrap elementor-element-populated\">\n\t\t\t\t\t\t\t\t<div class=\"elementor-element elementor-element-71520319 elementor-widget elementor-widget-image\" data-id=\"71520319\" data-element_type=\"widget\" data-widget_type=\"image.default\">\n\t\t\t\t<div class=\"elementor-widget-container\">\n\t\t\t\t\t\t\t\t\t\t\t\t\t\t\t<img decoding=\"async\" src=\"http:\/\/vitrum.com.tr\/wp-content\/uploads\/elementor\/thumbs\/kis-bahcesi-e1696787073965-qdkjnntikyto4jzd55xxu1t6crs709701b8u282o4o.jpg\" title=\"kis-bahcesi\" alt=\"kis-bahcesi\" loading=\"lazy\" \/>\t\t\t\t\t\t\t\t\t\t\t\t\t\t\t<\/div>\n\t\t\t\t<\/div>\n\t\t\t\t<div class=\"elementor-element elementor-element-4d1178e0 elementor-widget elementor-widget-image-box\" data-id=\"4d1178e0\" data-element_type=\"widget\" data-widget_type=\"image-box.default\">\n\t\t\t\t<div class=\"elementor-widget-container\">\n\t\t\t<div class=\"elementor-image-box-wrapper\"><div class=\"elementor-image-box-content\"><h5 class=\"elementor-image-box-title\">V\u0130TRUM CAM MEKAN<\/h5><p class=\"elementor-image-box-description\">Mevsim ge\u00e7i\u015flerinde daha uzun s\u00fcre kullan\u0131lmas\u0131 istenen ya\u015fam alanlar\u0131 i\u00e7in tasarlanm\u0131\u015f, standart profillerden \u00fcretilen cam mekanlard\u0131r.<\/p><\/div><\/div>\t\t<\/div>\n\t\t\t\t<\/div>\n\t\t\t\t\t<\/div>\n\t\t<\/div>\n\t\t\t\t\t\t\t<\/div>\n\t\t<\/section>\n\t\t\t\t<section class=\"elementor-section elementor-inner-section elementor-element elementor-element-2c13d68b elementor-section-boxed elementor-section-height-default elementor-section-height-default\" data-id=\"2c13d68b\" data-element_type=\"section\">\n\t\t\t\t\t\t<div class=\"elementor-container elementor-column-gap-default\">\n\t\t\t\t\t<div class=\"elementor-column elementor-col-50 elementor-inner-column elementor-element elementor-element-45b746f0\" data-id=\"45b746f0\" data-element_type=\"column\">\n\t\t\t<div class=\"elementor-widget-wrap elementor-element-populated\">\n\t\t\t\t\t\t\t\t<div class=\"elementor-element elementor-element-23215742 elementor-widget elementor-widget-image\" data-id=\"23215742\" data-element_type=\"widget\" data-widget_type=\"image.default\">\n\t\t\t\t<div class=\"elementor-widget-container\">\n\t\t\t\t\t\t\t\t\t\t\t\t\t\t\t<img decoding=\"async\" src=\"http:\/\/vitrum.com.tr\/wp-content\/uploads\/elementor\/thumbs\/WhatsApp-Gorsel-2023-07-25-saat-10.53.51_1aba56d1-qdkjw68wgyhjl1r9h3h1dvkga2qslpdbovrlxi0t44.jpg\" title=\"WhatsApp G\u00f6rsel 2023-07-25 saat 10.53.51_1aba56d1\" alt=\"WhatsApp G\u00f6rsel 2023-07-25 saat 10.53.51_1aba56d1\" loading=\"lazy\" \/>\t\t\t\t\t\t\t\t\t\t\t\t\t\t\t<\/div>\n\t\t\t\t<\/div>\n\t\t\t\t<div class=\"elementor-element elementor-element-38193b87 elementor-widget elementor-widget-image-box\" data-id=\"38193b87\" data-element_type=\"widget\" data-widget_type=\"image-box.default\">\n\t\t\t\t<div class=\"elementor-widget-container\">\n\t\t\t<div class=\"elementor-image-box-wrapper\"><div class=\"elementor-image-box-content\"><h5 class=\"elementor-image-box-title\">VERANDA<\/h5><p class=\"elementor-image-box-description\">G\u00fcne\u015fin yak\u0131c\u0131 etkisinden korunmak i\u00e7in g\u00f6lgeli bir ya\u015fam alan\u0131 olu\u015fturan, sabit al\u00fcminyum tavan ve \u00e7at\u0131 sistemidir.<\/p><\/div><\/div>\t\t<\/div>\n\t\t\t\t<\/div>\n\t\t\t\t\t<\/div>\n\t\t<\/div>\n\t\t\t\t<div class=\"elementor-column elementor-col-50 elementor-inner-column elementor-element elementor-element-2aee736d\" data-id=\"2aee736d\" data-element_type=\"column\">\n\t\t\t<div class=\"elementor-widget-wrap elementor-element-populated\">\n\t\t\t\t\t\t\t\t<div class=\"elementor-element elementor-element-7d135a98 elementor-widget elementor-widget-image\" data-id=\"7d135a98\" data-element_type=\"widget\" data-widget_type=\"image.default\">\n\t\t\t\t<div class=\"elementor-widget-container\">\n\t\t\t\t\t\t\t\t\t\t\t\t\t\t\t<img decoding=\"async\" src=\"http:\/\/vitrum.com.tr\/wp-content\/uploads\/elementor\/thumbs\/WhatsApp-Gorsel-2023-07-17-saat-14.51.05_fe49f17d-e1696787694251-qdkk3vjah314q0khhxbzbflfiqs2oey5307ui4lo4k.jpg\" title=\"WhatsApp G\u00f6rsel 2023-07-17 saat 14.51.05_fe49f17d\" alt=\"WhatsApp G\u00f6rsel 2023-07-17 saat 14.51.05_fe49f17d\" loading=\"lazy\" \/>\t\t\t\t\t\t\t\t\t\t\t\t\t\t\t<\/div>\n\t\t\t\t<\/div>\n\t\t\t\t<div class=\"elementor-element elementor-element-2544ed63 elementor-widget elementor-widget-image-box\" data-id=\"2544ed63\" data-element_type=\"widget\" data-widget_type=\"image-box.default\">\n\t\t\t\t<div class=\"elementor-widget-container\">\n\t\t\t<div class=\"elementor-image-box-wrapper\"><div class=\"elementor-image-box-content\"><h5 class=\"elementor-image-box-title\">PERGOLA<\/h5><p class=\"elementor-image-box-description\">A\u00e7\u0131k alanlarda s\u0131n\u0131rlar\u0131 belirlerken g\u00fcne\u015f \u0131\u015f\u0131\u011f\u0131na kar\u015f\u0131 k\u0131smi g\u00f6lgeleme sa\u011flayan estetik al\u00fcminyum dinlenme alan\u0131 \u00e7\u00f6z\u00fcm\u00fcd\u00fcr.<\/p><\/div><\/div>\t\t<\/div>\n\t\t\t\t<\/div>\n\t\t\t\t\t<\/div>\n\t\t<\/div>\n\t\t\t\t\t\t\t<\/div>\n\t\t<\/section>\n\t\t\t\t\t\t\t<\/div>\n\t\t","protected":false},"excerpt":{"rendered":"<p>k\u0131\u015f bah\u00e7eleri 4 mevsim ya\u015fanabilir, zor iklim ko\u015fullar\u0131na dayan\u0131kl\u0131, manzaraya engel te\u015fkil etmeyen, ya\u015fam alanlar\u0131n\u0131n d\u0131\u015f b\u00f6l\u00fcm\u00fcne yap\u0131lan rahat, konforlu, geni\u015f estetik g\u00f6r\u00fcn\u00fcme sahip yap\u0131lar Kategorideki \u00dcr\u00fcnlerimiz. V\u0130TRUM KI\u015e BAH\u00c7ES\u0130 \u00d6zel tasarlanm\u0131\u015f \u0131s\u0131 bariyerli profillerden \u00fcretilerek, yaz\u0131n so\u011futulabilen, k\u0131\u015f\u0131n \u0131s\u0131t\u0131labilen, konforlu ya\u015fam alanlar\u0131 i\u00e7in k\u0131\u015f bah\u00e7esi sistemidir. V\u0130TRUM CAM MEKAN Mevsim ge\u00e7i\u015flerinde daha uzun s\u00fcre &hellip;<\/p>\n<p class=\"read-more\"> <a class=\"\" href=\"http:\/\/vitrum.com.tr\/index.php\/kisbahceleri\/\"> <span class=\"screen-reader-text\">K\u0131\u015f Bah\u00e7eleri<\/span> Devam\u0131 &raquo;<\/a><\/p>\n","protected":false},"author":1,"featured_media":0,"parent":0,"menu_order":0,"comment_status":"closed","ping_status":"closed","template":"","meta":{"site-sidebar-layout":"no-sidebar","site-content-layout":"page-builder","ast-site-content-layout":"full-width-container","site-content-style":"default","site-sidebar-style":"default","ast-global-header-display":"","ast-banner-title-visibility":"","ast-main-header-display":"","ast-hfb-above-header-display":"","ast-hfb-below-header-display":"","ast-hfb-mobile-header-display":"","site-post-title":"disabled","ast-breadcrumbs-content":"","ast-featured-img":"disabled","footer-sml-layout":"","theme-transparent-header-meta":"","adv-header-id-meta":"","stick-header-meta":"","header-above-stick-meta":"","header-main-stick-meta":"","header-below-stick-meta":"","astra-migrate-meta-layouts":"set","footnotes":""},"class_list":["post-730","page","type-page","status-publish","hentry"],"_links":{"self":[{"href":"http:\/\/vitrum.com.tr\/index.php\/wp-json\/wp\/v2\/pages\/730","targetHints":{"allow":["GET"]}}],"collection":[{"href":"http:\/\/vitrum.com.tr\/index.php\/wp-json\/wp\/v2\/pages"}],"about":[{"href":"http:\/\/vitrum.com.tr\/index.php\/wp-json\/wp\/v2\/types\/page"}],"author":[{"embeddable":true,"href":"http:\/\/vitrum.com.tr\/index.php\/wp-json\/wp\/v2\/users\/1"}],"replies":[{"embeddable":true,"href":"http:\/\/vitrum.com.tr\/index.php\/wp-json\/wp\/v2\/comments?post=730"}],"version-history":[{"count":27,"href":"http:\/\/vitrum.com.tr\/index.php\/wp-json\/wp\/v2\/pages\/730\/revisions"}],"predecessor-version":[{"id":904,"href":"http:\/\/vitrum.com.tr\/index.php\/wp-json\/wp\/v2\/pages\/730\/revisions\/904"}],"wp:attachment":[{"href":"http:\/\/vitrum.com.tr\/index.php\/wp-json\/wp\/v2\/media?parent=730"}],"curies":[{"name":"wp","href":"https:\/\/api.w.org\/{rel}","templated":true}]}}